{"id":2250,"date":"2024-10-16T15:38:24","date_gmt":"2024-10-16T13:38:24","guid":{"rendered":"https:\/\/tele2arena.se\/?page_id=2250"},"modified":"2024-11-27T13:04:29","modified_gmt":"2024-11-27T12:04:29","slug":"woho-du-star-nu-pa-gastlistan","status":"publish","type":"page","link":"https:\/\/3arena.se\/en\/woho-du-star-nu-pa-gastlistan\/","title":{"rendered":"Woho! Ni st\u00e5r nu p\u00e5 g\u00e4stlistan\ud83c\udf78"},"content":{"rendered":"\n<p style=\"padding-top:var(--wp--preset--spacing--small);padding-right:var(--wp--preset--spacing--small);padding-bottom:0;padding-left:var(--wp--preset--spacing--small)\"><strong>Varmt v\u00e4lkomna att v\u00e4rma upp inf\u00f6r konserten i Premium Lounge! Ni skippar k\u00f6n och g\u00e5r in via Premium Experience-entr\u00e9n fr\u00e5n klockan 17:30. S\u00e4g ditt namn &amp; visa entr\u00e9biljetten p\u00e5 evenemangssidan i appen s\u00e5 visar v\u00e5ra v\u00e4rdar dig och ditt s\u00e4llskap vidare.<\/strong><\/p>\n\n\n\n<p style=\"padding-top:var(--wp--preset--spacing--small);padding-right:var(--wp--preset--spacing--small);padding-bottom:0;padding-left:var(--wp--preset--spacing--small)\">Ni har tillg\u00e5ng till Premium Lounge redan tv\u00e5 timmar innan konserten och f\u00f6r att f\u00e5 ut s\u00e5 mycket som m\u00f6jligt av upplevelsen rekommenderar vi att ni kommer till arenan i god tid. Det finns m\u00f6jlighet att \u00e4ta och dricka gott p\u00e5 plats med vy direkt ut i arenarummet. Konserten ser ni sedan fr\u00e5n era ordinarie platser p\u00e5 sektion A.<\/p>\n\n\n\n<p style=\"padding-top:var(--wp--preset--spacing--small);padding-right:var(--wp--preset--spacing--small);padding-bottom:0;padding-left:var(--wp--preset--spacing--small)\">Mer information om evenemanget hittar du p\u00e5 <a href=\"https:\/\/tele2arena.se\/evenemang\/\" data-type=\"link\" data-id=\"https:\/\/tele2arena.se\/evenemang\/\">evenemangssidan<\/a> och p\u00e5 @stockholmlive p\u00e5 Instagram &amp; Facebook n\u00e4rmare evenemanget! Gl\u00f6m inte att tagga @stockholmlive p\u00e5 Instagram f\u00f6r att dela din upplevelse med oss!<\/p>\n\n\n\n<p style=\"padding-top:var(--wp--preset--spacing--small);padding-right:var(--wp--preset--spacing--small);padding-bottom:0;padding-left:var(--wp--preset--spacing--small)\">Ha en otrolig live-upplevelse!<\/p>\n\n\n\n<h3 class=\"wp-block-heading\" style=\"padding-top:var(--wp--preset--spacing--small);padding-right:var(--wp--preset--spacing--small);padding-bottom:var(--wp--preset--spacing--small);padding-left:var(--wp--preset--spacing--small)\">\ud83d\udccdHitta till Premium Experience-entr\u00e9n<\/h3>\n\n\n\n<figure class=\"wp-block-image size-full\"><img decoding=\"async\" width=\"2050\" height=\"1456\" src=\"https:\/\/3arena.se\/uploads\/sites\/9\/2024\/04\/ov-omradeskarta-01-copy-2050.jpg\" alt=\"\" class=\"wp-image-172\" srcset=\"https:\/\/3arena.se\/uploads\/sites\/9\/2024\/04\/ov-omradeskarta-01-copy-2050.jpg 2050w, https:\/\/3arena.se\/uploads\/sites\/9\/2024\/04\/ov-omradeskarta-01-copy-2050-300x213.jpg 300w, https:\/\/3arena.se\/uploads\/sites\/9\/2024\/04\/ov-omradeskarta-01-copy-2050-1024x727.jpg 1024w, https:\/\/3arena.se\/uploads\/sites\/9\/2024\/04\/ov-omradeskarta-01-copy-2050-768x545.jpg 768w, https:\/\/3arena.se\/uploads\/sites\/9\/2024\/04\/ov-omradeskarta-01-copy-2050-1536x1091.jpg 1536w, https:\/\/3arena.se\/uploads\/sites\/9\/2024\/04\/ov-omradeskarta-01-copy-2050-2048x1455.jpg 2048w\" sizes=\"(max-width: 2050px) 100vw, 2050px\" \/><\/figure>\n\n\n\n<p>Omr\u00e5deskarta<\/p>\n\n\n\n<div style=\"height:58px\" aria-hidden=\"true\" class=\"wp-block-spacer\"><\/div>\n\n\n\n<section id=\"block_ef170977a16f634c4b5ca3a3eece20f7\" class=\"cards-basic relative align-full overflow-hidden cards-height-basic\" style=\"background-color:var(--wp--preset--color--base);\">\n    <div class=\"container align-default\">\n            <div class=\"block-title title-left\"><h3>Sugen p\u00e5 att veta mer om Premium?<\/h3><\/div>        <div class=\"acf-innerblocks-container\"><\/div>\n    <div class=\"cards-wrapper cards-grid small-mob-grid-cols-1 mob-grid-cols-2 grid-cols-4\">\n                                        <div class=\"card-basic card-square\">\n            <div class=\"card-media\">\n                            <div class=\"video-wrapper\">\n                    <video muted autoplay loop playsinline>\n                        <source type=\"video\/mp4\" src=\"https:\/\/3arena.se\/uploads\/sites\/9\/2024\/04\/Premiumpaket_cover-1_1.mp4#t=0.1\">\n                    <\/video>\n                    <div class=\"video-controls\">\n                        <button class=\"pause-video\" aria-label=\"Pause video background\">Pause<\/button>\n                        <button class=\"play-video hidden\" aria-label=\"Play video background\">Play<\/button>\n                    <\/div>\n                <\/div>\n                    <\/div>\n        <div class=\"card-content\">\n        <div class=\"card-text-content\">\n                            <h3>\n                    Premiumpaket &#8211; enskilda evenemang                <\/h3>\n                                        <div class=\"entry-content\">\n                    <p class=\"styles__Body-sc-14xqbz5-0 ePwzqB\">Har du spanat in ett evenemang? G\u00f6r upplevelsen extra h\u00e4rlig och mer minnesv\u00e4rd.<\/p>\n                <\/div>\n                    <\/div>\n                                    <a\n                    href=\"https:\/\/tele2arena.se\/premium\/premiumpaket\/\"\n                    target=\"\"\n                    class=\"gtm btn-transparent\"\n                    data-gtm=\"{&quot;page_type&quot;:&quot;default&quot;,&quot;btn_type&quot;:&quot;Normal&quot;,&quot;event&quot;:&quot;select_item&quot;}\"\n                >\n                    <span>L\u00e4s mer<\/span>\n                <\/a>\n                        <\/div>\n    <\/div>\n                                <div class=\"card-basic card-square\">\n            <div class=\"card-media\">\n                            <img decoding=\"async\" width=\"1024\" height=\"1024\" src=\"https:\/\/3arena.se\/uploads\/sites\/9\/2024\/04\/tele2arena-loger-2050-1024x1024.jpg\" class=\"attachment-large size-large\" alt=\"Loger \u2013 \u00e5rsbasis\" srcset=\"https:\/\/3arena.se\/uploads\/sites\/9\/2024\/04\/tele2arena-loger-2050-1024x1024.jpg 1024w, https:\/\/3arena.se\/uploads\/sites\/9\/2024\/04\/tele2arena-loger-2050-300x300.jpg 300w, https:\/\/3arena.se\/uploads\/sites\/9\/2024\/04\/tele2arena-loger-2050-150x150.jpg 150w, https:\/\/3arena.se\/uploads\/sites\/9\/2024\/04\/tele2arena-loger-2050-768x768.jpg 768w, https:\/\/3arena.se\/uploads\/sites\/9\/2024\/04\/tele2arena-loger-2050-1536x1536.jpg 1536w, https:\/\/3arena.se\/uploads\/sites\/9\/2024\/04\/tele2arena-loger-2050-2048x2048.jpg 2048w\" sizes=\"(max-width: 1024px) 100vw, 1024px\" \/>                    <\/div>\n        <div class=\"card-content\">\n        <div class=\"card-text-content\">\n                            <h3>\n                    Loger \u2013 \u00e5rsbasis                <\/h3>\n                                        <div class=\"entry-content\">\n                    <p class=\"styles__Body-sc-14xqbz5-0 ePwzqB\">Med en egen loge p\u00e5\u00a0<strong class=\"styles__Strong-sc-14xqbz5-6 cJrlrk\">Tele2 Arena<\/strong>\u00a0tar ni n\u00e4tverkande och representation till helt nya h\u00f6jder. Njut av mat &amp; dryck med grymt bra sittplatser.<\/p>\n                <\/div>\n                    <\/div>\n                                    <a\n                    href=\"https:\/\/tele2arena.se\/premium\/loger\/\"\n                    target=\"\"\n                    class=\"gtm btn-transparent\"\n                    data-gtm=\"{&quot;page_type&quot;:&quot;default&quot;,&quot;btn_type&quot;:&quot;Normal&quot;,&quot;event&quot;:&quot;select_item&quot;}\"\n                >\n                    <span>L\u00e4s mer<\/span>\n                <\/a>\n                        <\/div>\n    <\/div>\n                                <div class=\"card-basic card-square\">\n            <div class=\"card-media\">\n                            <img decoding=\"async\" width=\"1024\" height=\"1024\" src=\"https:\/\/3arena.se\/uploads\/sites\/9\/2024\/04\/tele2arena-terrassloge-2050-1024x1024.jpg\" class=\"attachment-large size-large\" alt=\"Terrassloger \u2013 \u00e5rsbasis\" srcset=\"https:\/\/3arena.se\/uploads\/sites\/9\/2024\/04\/tele2arena-terrassloge-2050-1024x1024.jpg 1024w, https:\/\/3arena.se\/uploads\/sites\/9\/2024\/04\/tele2arena-terrassloge-2050-300x300.jpg 300w, https:\/\/3arena.se\/uploads\/sites\/9\/2024\/04\/tele2arena-terrassloge-2050-150x150.jpg 150w, https:\/\/3arena.se\/uploads\/sites\/9\/2024\/04\/tele2arena-terrassloge-2050-768x769.jpg 768w, https:\/\/3arena.se\/uploads\/sites\/9\/2024\/04\/tele2arena-terrassloge-2050-1534x1536.jpg 1534w\" sizes=\"(max-width: 1024px) 100vw, 1024px\" \/>                    <\/div>\n        <div class=\"card-content\">\n        <div class=\"card-text-content\">\n                            <h3>\n                    Terrassloger \u2013 \u00e5rsbasis                <\/h3>\n                                        <div class=\"entry-content\">\n                    <p class=\"styles__Body-sc-14xqbz5-0 ePwzqB\">Med en egen terrassloge p\u00e5\u00a0<strong class=\"styles__Strong-sc-14xqbz5-6 cJrlrk\">Tele2 Arena<\/strong>\u00a0sitter du och ditt s\u00e4llskap mitt i h\u00e4ndelsernas centrum med eget bord p\u00e5 arenans l\u00e5ngsida. Njut av grymt bra komfort tillsammans med mat &amp; dryck.<\/p>\n                <\/div>\n                    <\/div>\n                                    <a\n                    href=\"https:\/\/tele2arena.se\/premium\/terrassloger\/\"\n                    target=\"\"\n                    class=\"gtm btn-transparent\"\n                    data-gtm=\"{&quot;page_type&quot;:&quot;default&quot;,&quot;btn_type&quot;:&quot;Normal&quot;,&quot;event&quot;:&quot;select_item&quot;}\"\n                >\n                    <span>L\u00e4s mer<\/span>\n                <\/a>\n                        <\/div>\n    <\/div>\n                                <div class=\"card-basic card-square\">\n            <div class=\"card-media\">\n                            <img decoding=\"async\" width=\"1024\" height=\"1024\" src=\"https:\/\/3arena.se\/uploads\/sites\/9\/2024\/04\/premium-club-2050-1024x1024.jpg\" class=\"attachment-large size-large\" alt=\"Premium Club \u2013 \u00e5rsbasis\" srcset=\"https:\/\/3arena.se\/uploads\/sites\/9\/2024\/04\/premium-club-2050-1024x1024.jpg 1024w, https:\/\/3arena.se\/uploads\/sites\/9\/2024\/04\/premium-club-2050-300x300.jpg 300w, https:\/\/3arena.se\/uploads\/sites\/9\/2024\/04\/premium-club-2050-150x150.jpg 150w, https:\/\/3arena.se\/uploads\/sites\/9\/2024\/04\/premium-club-2050-768x768.jpg 768w, https:\/\/3arena.se\/uploads\/sites\/9\/2024\/04\/premium-club-2050-1536x1536.jpg 1536w, https:\/\/3arena.se\/uploads\/sites\/9\/2024\/04\/premium-club-2050-2048x2048.jpg 2048w\" sizes=\"(max-width: 1024px) 100vw, 1024px\" \/>                    <\/div>\n        <div class=\"card-content\">\n        <div class=\"card-text-content\">\n                            <h3>\n                    Premium Club \u2013 \u00e5rsbasis                <\/h3>\n                                        <div class=\"entry-content\">\n                    <p class=\"styles__Body-sc-14xqbz5-0 ePwzqB\">V\u00e5ra medlemskap med lounge-access i v\u00e5ra olika arenor,<strong class=\"styles__Strong-sc-14xqbz5-6 cJrlrk\">\u00a0Avicii Arena<\/strong>,\u00a0<strong class=\"styles__Strong-sc-14xqbz5-6 cJrlrk\">Strawberry Arena<\/strong>,\u00a0<strong class=\"styles__Strong-sc-14xqbz5-6 cJrlrk\">Tele2 Arena<\/strong>\u00a0och\u00a0<strong class=\"styles__Strong-sc-14xqbz5-6 cJrlrk\">Hovet<\/strong>.<\/p>\n                <\/div>\n                    <\/div>\n                                    <a\n                    href=\"https:\/\/tele2arena.se\/premium\/premium-club\/\"\n                    target=\"\"\n                    class=\"gtm btn-transparent\"\n                    data-gtm=\"{&quot;page_type&quot;:&quot;default&quot;,&quot;btn_type&quot;:&quot;Normal&quot;,&quot;event&quot;:&quot;select_item&quot;}\"\n                >\n                    <span>L\u00e4s mer<\/span>\n                <\/a>\n                        <\/div>\n    <\/div>\n                        <\/div>\n<\/div>\n<\/section>\n","protected":false},"excerpt":{"rendered":"<p>Varmt v\u00e4lkomna att v\u00e4rma upp inf\u00f6r konserten i Premium Lounge! Ni skippar k\u00f6n och g\u00e5r in via Premium Experience-entr\u00e9n fr\u00e5n klockan 17:30. S\u00e4g ditt namn &amp; visa entr\u00e9biljetten p\u00e5 evenemangssidan i appen s\u00e5 visar v\u00e5ra v\u00e4rdar dig och ditt s\u00e4llskap vidare. Ni har tillg\u00e5ng till Premium Lounge redan tv\u00e5 timmar innan konserten och f\u00f6r att [&hellip;]<\/p>\n","protected":false},"author":1,"featured_media":0,"parent":0,"menu_order":0,"comment_status":"closed","ping_status":"closed","template":"","meta":{"_acf_changed":false,"_relevanssi_hide_post":"","_relevanssi_pin_for_all":"","_relevanssi_pin_keywords":"","_relevanssi_unpin_keywords":"","_relevanssi_related_keywords":"","_relevanssi_related_include_ids":"","_relevanssi_related_exclude_ids":"","_relevanssi_related_no_append":"","_relevanssi_related_not_related":"","_relevanssi_related_posts":"1","footnotes":""},"class_list":["post-2250","page","type-page","status-publish","hentry"],"acf":[],"_links":{"self":[{"href":"https:\/\/3arena.se\/en\/wp-json\/wp\/v2\/pages\/2250","targetHints":{"allow":["GET"]}}],"collection":[{"href":"https:\/\/3arena.se\/en\/wp-json\/wp\/v2\/pages"}],"about":[{"href":"https:\/\/3arena.se\/en\/wp-json\/wp\/v2\/types\/page"}],"author":[{"embeddable":true,"href":"https:\/\/3arena.se\/en\/wp-json\/wp\/v2\/users\/1"}],"replies":[{"embeddable":true,"href":"https:\/\/3arena.se\/en\/wp-json\/wp\/v2\/comments?post=2250"}],"version-history":[{"count":1,"href":"https:\/\/3arena.se\/en\/wp-json\/wp\/v2\/pages\/2250\/revisions"}],"predecessor-version":[{"id":2393,"href":"https:\/\/3arena.se\/en\/wp-json\/wp\/v2\/pages\/2250\/revisions\/2393"}],"wp:attachment":[{"href":"https:\/\/3arena.se\/en\/wp-json\/wp\/v2\/media?parent=2250"}],"curies":[{"name":"wp","href":"https:\/\/api.w.org\/{rel}","templated":true}]}}