{"id":3236,"date":"2025-04-08T15:51:28","date_gmt":"2025-04-08T13:51:28","guid":{"rendered":"https:\/\/3arena.se\/?page_id=3236"},"modified":"2025-04-11T13:42:17","modified_gmt":"2025-04-11T11:42:17","slug":"kundundersokning-3arena","status":"publish","type":"page","link":"https:\/\/3arena.se\/en\/kundundersokning-3arena\/","title":{"rendered":"Kundunders\u00f6kning 3Arena"},"content":{"rendered":"\n<p>Tack f\u00f6r att du tar dig tid att svara p\u00e5 v\u00e5r unders\u00f6kning om ditt senaste bes\u00f6k p\u00e5 arenan. Vi \u00e4r intresserade av din upplevelse av sponsringen i arenan. Unders\u00f6kningen tar bara ett par minuter och som tack \u00e4r du med och t\u00e4vlar om 2 stycken biljetter till valfritt evenemang p\u00e5 3Arena. <\/p>\n\n\n\n<p>H\u00e4r kan du ta del av <a href=\"https:\/\/stockholmlive.com\/tavlingar\/tavlingsvillkor\/\">Stockholm Lives T\u00e4vlingsvillkor<\/a>.<\/p>\n\n\n<div class=\"wpforms-container wpforms-container-full wpforms-block wpforms-block-02592fca-5eec-43e5-9004-5fcdfdb38b4d wpforms-render-modern\" id=\"wpforms-3193\"><form id=\"wpforms-form-3193\" class=\"wpforms-validate wpforms-form wpforms-ajax-form\" data-formid=\"3193\" method=\"post\" enctype=\"multipart\/form-data\" action=\"\/en\/wp-json\/wp\/v2\/pages\/3236\" data-token=\"5041b89ed08dd0852a07232b19d49cc0\" data-token-time=\"1776076310\"><noscript class=\"wpforms-error-noscript\">Please enable JavaScript in your browser to complete this form.<\/noscript><div id=\"wpforms-error-noscript\" style=\"display: none;\">Please enable JavaScript in your browser to complete this form.<\/div><div class=\"wpforms-field-container\"><div id=\"wpforms-3193-field_17-container\" class=\"wpforms-field wpforms-field-checkbox\" data-field-id=\"17\"><fieldset><legend class=\"wpforms-field-label\">Godk\u00e4nner du Stockholm Lives t\u00e4vlingsvillkor? <span class=\"wpforms-required-label\" aria-hidden=\"true\">*<\/span><\/legend><ul id=\"wpforms-3193-field_17\" class=\"wpforms-field-required\"><li class=\"choice-1 depth-1\"><input type=\"checkbox\" id=\"wpforms-3193-field_17_1\" name=\"wpforms[fields][17][]\" value=\"Ja\" aria-errormessage=\"wpforms-3193-field_17_1-error\" required ><label class=\"wpforms-field-label-inline\" for=\"wpforms-3193-field_17_1\">Ja<\/label><\/li><\/ul><\/fieldset><\/div><div id=\"wpforms-3193-field_26-container\" class=\"wpforms-field wpforms-field-email\" data-field-id=\"26\"><label class=\"wpforms-field-label\" for=\"wpforms-3193-field_26\">E-postadress <span class=\"wpforms-required-label\" aria-hidden=\"true\">*<\/span><\/label><input type=\"email\" id=\"wpforms-3193-field_26\" class=\"wpforms-field-medium wpforms-field-required\" name=\"wpforms[fields][26]\" spellcheck=\"false\" aria-errormessage=\"wpforms-3193-field_26-error\" aria-describedby=\"wpforms-3193-field_26-description\" autocomplete=\"email\" required><div id=\"wpforms-3193-field_26-description\" class=\"wpforms-field-description\">E-postadress kommer endast anv\u00e4ndas f\u00f6r att kontakta vinnare.<\/div><\/div><div id=\"wpforms-3193-field_6-container\" class=\"wpforms-field wpforms-field-textarea\" data-field-id=\"6\"><label class=\"wpforms-field-label\" for=\"wpforms-3193-field_6\">1.\tVilka sponsorer lade du m\u00e4rke till under ditt bes\u00f6k p\u00e5 arenan? <span class=\"wpforms-required-label\" aria-hidden=\"true\">*<\/span><\/label><textarea id=\"wpforms-3193-field_6\" class=\"wpforms-field-medium wpforms-field-required\" name=\"wpforms[fields][6]\" aria-errormessage=\"wpforms-3193-field_6-error\" aria-describedby=\"wpforms-3193-field_6-description\" required><\/textarea><div id=\"wpforms-3193-field_6-description\" class=\"wpforms-field-description\">V\u00e4nligen notera att du kan ange flera varum\u00e4rken.<\/div><\/div><div id=\"wpforms-3193-field_27-container\" class=\"wpforms-field wpforms-field-radio\" data-field-id=\"27\"><fieldset><legend class=\"wpforms-field-label\">2.\tHur tydligt uppfattade du att 3 \u00e4r en sponsor av arenan? <span class=\"wpforms-required-label\" aria-hidden=\"true\">*<\/span><\/legend><ul id=\"wpforms-3193-field_27\" class=\"wpforms-field-required\"><li class=\"choice-1 depth-1\"><input type=\"radio\" id=\"wpforms-3193-field_27_1\" name=\"wpforms[fields][27]\" value=\"1 = Inte alls\" aria-errormessage=\"wpforms-3193-field_27_1-error\" required ><label class=\"wpforms-field-label-inline\" for=\"wpforms-3193-field_27_1\">1 = Inte alls<\/label><\/li><li class=\"choice-2 depth-1\"><input type=\"radio\" id=\"wpforms-3193-field_27_2\" name=\"wpforms[fields][27]\" value=\"2\" aria-errormessage=\"wpforms-3193-field_27_2-error\" required ><label class=\"wpforms-field-label-inline\" for=\"wpforms-3193-field_27_2\">2<\/label><\/li><li class=\"choice-3 depth-1\"><input type=\"radio\" id=\"wpforms-3193-field_27_3\" name=\"wpforms[fields][27]\" value=\"3\" aria-errormessage=\"wpforms-3193-field_27_3-error\" required ><label class=\"wpforms-field-label-inline\" for=\"wpforms-3193-field_27_3\">3<\/label><\/li><li class=\"choice-4 depth-1\"><input type=\"radio\" id=\"wpforms-3193-field_27_4\" name=\"wpforms[fields][27]\" value=\"4\" aria-errormessage=\"wpforms-3193-field_27_4-error\" required ><label class=\"wpforms-field-label-inline\" for=\"wpforms-3193-field_27_4\">4<\/label><\/li><li class=\"choice-5 depth-1\"><input type=\"radio\" id=\"wpforms-3193-field_27_5\" name=\"wpforms[fields][27]\" value=\"5 = I mycket stor utstr\u00e4ckning\" aria-errormessage=\"wpforms-3193-field_27_5-error\" required ><label class=\"wpforms-field-label-inline\" for=\"wpforms-3193-field_27_5\">5 = I mycket stor utstr\u00e4ckning<\/label><\/li><\/ul><\/fieldset><\/div><div id=\"wpforms-3193-field_28-container\" class=\"wpforms-field wpforms-field-radio\" data-field-id=\"28\"><fieldset><legend class=\"wpforms-field-label\">3. Till f\u00f6ljande kommer du att f\u00e5 fr\u00e5gor g\u00e4llande var du sett reklam eller sponsring fr\u00e5n 3. S\u00e5g du 3:s stora logo p\u00e5 utsidan av arenan? <span class=\"wpforms-required-label\" aria-hidden=\"true\">*<\/span><\/legend><ul id=\"wpforms-3193-field_28\" class=\"wpforms-field-required\"><li class=\"choice-1 depth-1\"><input type=\"radio\" id=\"wpforms-3193-field_28_1\" name=\"wpforms[fields][28]\" value=\"Ja\" aria-errormessage=\"wpforms-3193-field_28_1-error\" required ><label class=\"wpforms-field-label-inline\" for=\"wpforms-3193-field_28_1\">Ja<\/label><\/li><li class=\"choice-2 depth-1\"><input type=\"radio\" id=\"wpforms-3193-field_28_2\" name=\"wpforms[fields][28]\" value=\"Nej\" aria-errormessage=\"wpforms-3193-field_28_2-error\" required ><label class=\"wpforms-field-label-inline\" for=\"wpforms-3193-field_28_2\">Nej<\/label><\/li><\/ul><\/fieldset><\/div><div id=\"wpforms-3193-field_29-container\" class=\"wpforms-field wpforms-field-radio\" data-field-id=\"29\"><fieldset><legend class=\"wpforms-field-label\">4. S\u00e5g den orange f\u00e4rgs\u00e4ttningen p\u00e5 vissa pelare? <span class=\"wpforms-required-label\" aria-hidden=\"true\">*<\/span><\/legend><ul id=\"wpforms-3193-field_29\" class=\"wpforms-field-required\"><li class=\"choice-1 depth-1\"><input type=\"radio\" id=\"wpforms-3193-field_29_1\" name=\"wpforms[fields][29]\" value=\"Ja\" aria-errormessage=\"wpforms-3193-field_29_1-error\" required ><label class=\"wpforms-field-label-inline\" for=\"wpforms-3193-field_29_1\">Ja<\/label><\/li><li class=\"choice-2 depth-1\"><input type=\"radio\" id=\"wpforms-3193-field_29_2\" name=\"wpforms[fields][29]\" value=\"Nej\" aria-errormessage=\"wpforms-3193-field_29_2-error\" required ><label class=\"wpforms-field-label-inline\" for=\"wpforms-3193-field_29_2\">Nej<\/label><\/li><\/ul><\/fieldset><\/div><div id=\"wpforms-3193-field_30-container\" class=\"wpforms-field wpforms-field-radio\" data-field-id=\"30\"><fieldset><legend class=\"wpforms-field-label\">5. S\u00e5g du 3:s sponsring vid vattenstationerna? <span class=\"wpforms-required-label\" aria-hidden=\"true\">*<\/span><\/legend><ul id=\"wpforms-3193-field_30\" class=\"wpforms-field-required\"><li class=\"choice-1 depth-1\"><input type=\"radio\" id=\"wpforms-3193-field_30_1\" name=\"wpforms[fields][30]\" value=\"Ja\" aria-errormessage=\"wpforms-3193-field_30_1-error\" required ><label class=\"wpforms-field-label-inline\" for=\"wpforms-3193-field_30_1\">Ja<\/label><\/li><li class=\"choice-2 depth-1\"><input type=\"radio\" id=\"wpforms-3193-field_30_2\" name=\"wpforms[fields][30]\" value=\"Nej\" aria-errormessage=\"wpforms-3193-field_30_2-error\" required ><label class=\"wpforms-field-label-inline\" for=\"wpforms-3193-field_30_2\">Nej<\/label><\/li><\/ul><\/fieldset><\/div>\t\t<div id=\"wpforms-3193-field_1-container\"\n\t\t\tclass=\"wpforms-field wpforms-field-text\"\n\t\t\tdata-field-type=\"text\"\n\t\t\tdata-field-id=\"1\"\n\t\t\t>\n\t\t\t<label class=\"wpforms-field-label\" for=\"wpforms-3193-field_1\" >Till arenan? 3:s<\/label>\n\t\t\t<input type=\"text\" id=\"wpforms-3193-field_1\" class=\"wpforms-field-medium\" name=\"wpforms[fields][1]\" >\n\t\t<\/div>\n\t\t<div id=\"wpforms-3193-field_31-container\" class=\"wpforms-field wpforms-field-radio\" data-field-id=\"31\"><fieldset><legend class=\"wpforms-field-label\">6. Lade du m\u00e4rket till 3:s kommunikation p\u00e5 digitala sk\u00e4rmar? <span class=\"wpforms-required-label\" aria-hidden=\"true\">*<\/span><\/legend><ul id=\"wpforms-3193-field_31\" class=\"wpforms-field-required\"><li class=\"choice-1 depth-1\"><input type=\"radio\" id=\"wpforms-3193-field_31_1\" name=\"wpforms[fields][31]\" value=\"Ja\" aria-errormessage=\"wpforms-3193-field_31_1-error\" required ><label class=\"wpforms-field-label-inline\" for=\"wpforms-3193-field_31_1\">Ja<\/label><\/li><li class=\"choice-2 depth-1\"><input type=\"radio\" id=\"wpforms-3193-field_31_2\" name=\"wpforms[fields][31]\" value=\"Nej\" aria-errormessage=\"wpforms-3193-field_31_2-error\" required ><label class=\"wpforms-field-label-inline\" for=\"wpforms-3193-field_31_2\">Nej<\/label><\/li><\/ul><\/fieldset><\/div><div id=\"wpforms-3193-field_32-container\" class=\"wpforms-field wpforms-field-radio\" data-field-id=\"32\"><fieldset><legend class=\"wpforms-field-label\">7. S\u00e5g 3:s logo under sj\u00e4lva eventet? <span class=\"wpforms-required-label\" aria-hidden=\"true\">*<\/span><\/legend><ul id=\"wpforms-3193-field_32\" class=\"wpforms-field-required\"><li class=\"choice-1 depth-1\"><input type=\"radio\" id=\"wpforms-3193-field_32_1\" name=\"wpforms[fields][32]\" value=\"Ja\" aria-errormessage=\"wpforms-3193-field_32_1-error\" required ><label class=\"wpforms-field-label-inline\" for=\"wpforms-3193-field_32_1\">Ja<\/label><\/li><li class=\"choice-2 depth-1\"><input type=\"radio\" id=\"wpforms-3193-field_32_2\" name=\"wpforms[fields][32]\" value=\"Nej\" aria-errormessage=\"wpforms-3193-field_32_2-error\" required ><label class=\"wpforms-field-label-inline\" for=\"wpforms-3193-field_32_2\">Nej<\/label><\/li><\/ul><\/fieldset><\/div><div id=\"wpforms-3193-field_33-container\" class=\"wpforms-field wpforms-field-radio\" data-field-id=\"33\"><fieldset><legend class=\"wpforms-field-label\">8. S\u00e5g du 3:s sponsring p\u00e5 v\u00e4ggarna? <span class=\"wpforms-required-label\" aria-hidden=\"true\">*<\/span><\/legend><ul id=\"wpforms-3193-field_33\" class=\"wpforms-field-required\"><li class=\"choice-1 depth-1\"><input type=\"radio\" id=\"wpforms-3193-field_33_1\" name=\"wpforms[fields][33]\" value=\"Ja\" aria-errormessage=\"wpforms-3193-field_33_1-error\" required ><label class=\"wpforms-field-label-inline\" for=\"wpforms-3193-field_33_1\">Ja<\/label><\/li><li class=\"choice-2 depth-1\"><input type=\"radio\" id=\"wpforms-3193-field_33_2\" name=\"wpforms[fields][33]\" value=\"Nej\" aria-errormessage=\"wpforms-3193-field_33_2-error\" required ><label class=\"wpforms-field-label-inline\" for=\"wpforms-3193-field_33_2\">Nej<\/label><\/li><\/ul><\/fieldset><\/div><div id=\"wpforms-3193-field_34-container\" class=\"wpforms-field wpforms-field-radio\" data-field-id=\"34\"><fieldset><legend class=\"wpforms-field-label\">9.\tHur upplever du 3:s sponsring av arenan? <span class=\"wpforms-required-label\" aria-hidden=\"true\">*<\/span><\/legend><ul id=\"wpforms-3193-field_34\" class=\"wpforms-field-required\"><li class=\"choice-1 depth-1\"><input type=\"radio\" id=\"wpforms-3193-field_34_1\" name=\"wpforms[fields][34]\" value=\"Mycket positiv\" aria-errormessage=\"wpforms-3193-field_34_1-error\" required ><label class=\"wpforms-field-label-inline\" for=\"wpforms-3193-field_34_1\">Mycket positiv<\/label><\/li><li class=\"choice-2 depth-1\"><input type=\"radio\" id=\"wpforms-3193-field_34_2\" name=\"wpforms[fields][34]\" value=\"Ganska positiv\" aria-errormessage=\"wpforms-3193-field_34_2-error\" required ><label class=\"wpforms-field-label-inline\" for=\"wpforms-3193-field_34_2\">Ganska positiv<\/label><\/li><li class=\"choice-4 depth-1\"><input type=\"radio\" id=\"wpforms-3193-field_34_4\" name=\"wpforms[fields][34]\" value=\"Neutral\" aria-errormessage=\"wpforms-3193-field_34_4-error\" required ><label class=\"wpforms-field-label-inline\" for=\"wpforms-3193-field_34_4\">Neutral<\/label><\/li><li class=\"choice-5 depth-1\"><input type=\"radio\" id=\"wpforms-3193-field_34_5\" name=\"wpforms[fields][34]\" value=\"Ganska negativ\" aria-errormessage=\"wpforms-3193-field_34_5-error\" required ><label class=\"wpforms-field-label-inline\" for=\"wpforms-3193-field_34_5\">Ganska negativ<\/label><\/li><li class=\"choice-6 depth-1\"><input type=\"radio\" id=\"wpforms-3193-field_34_6\" name=\"wpforms[fields][34]\" value=\"Mycket negativt\" aria-errormessage=\"wpforms-3193-field_34_6-error\" required ><label class=\"wpforms-field-label-inline\" for=\"wpforms-3193-field_34_6\">Mycket negativt<\/label><\/li><\/ul><\/fieldset><\/div><div id=\"wpforms-3193-field_35-container\" class=\"wpforms-field wpforms-field-radio\" data-field-id=\"35\"><fieldset><legend class=\"wpforms-field-label\">10.\tHur har ditt intryck av 3 f\u00f6r\u00e4ndrats efter ditt bes\u00f6k i arenan? <span class=\"wpforms-required-label\" aria-hidden=\"true\">*<\/span><\/legend><ul id=\"wpforms-3193-field_35\" class=\"wpforms-field-required\"><li class=\"choice-1 depth-1\"><input type=\"radio\" id=\"wpforms-3193-field_35_1\" name=\"wpforms[fields][35]\" value=\"Mycket positiv\" aria-errormessage=\"wpforms-3193-field_35_1-error\" required ><label class=\"wpforms-field-label-inline\" for=\"wpforms-3193-field_35_1\">Mycket positiv<\/label><\/li><li class=\"choice-2 depth-1\"><input type=\"radio\" id=\"wpforms-3193-field_35_2\" name=\"wpforms[fields][35]\" value=\"Ganska positiv\" aria-errormessage=\"wpforms-3193-field_35_2-error\" required ><label class=\"wpforms-field-label-inline\" for=\"wpforms-3193-field_35_2\">Ganska positiv<\/label><\/li><li class=\"choice-3 depth-1\"><input type=\"radio\" id=\"wpforms-3193-field_35_3\" name=\"wpforms[fields][35]\" value=\"Neutral\" aria-errormessage=\"wpforms-3193-field_35_3-error\" required ><label class=\"wpforms-field-label-inline\" for=\"wpforms-3193-field_35_3\">Neutral<\/label><\/li><li class=\"choice-4 depth-1\"><input type=\"radio\" id=\"wpforms-3193-field_35_4\" name=\"wpforms[fields][35]\" value=\"Ganska negativ\" aria-errormessage=\"wpforms-3193-field_35_4-error\" required ><label class=\"wpforms-field-label-inline\" for=\"wpforms-3193-field_35_4\">Ganska negativ<\/label><\/li><li class=\"choice-5 depth-1\"><input type=\"radio\" id=\"wpforms-3193-field_35_5\" name=\"wpforms[fields][35]\" value=\"Mycket negativt\" aria-errormessage=\"wpforms-3193-field_35_5-error\" required ><label class=\"wpforms-field-label-inline\" for=\"wpforms-3193-field_35_5\">Mycket negativt<\/label><\/li><\/ul><\/fieldset><\/div><div id=\"wpforms-3193-field_16-container\" class=\"wpforms-field wpforms-field-textarea\" data-field-id=\"16\"><label class=\"wpforms-field-label\" for=\"wpforms-3193-field_16\">11.\tHar du n\u00e5gra f\u00f6rslag p\u00e5 hur 3 kan f\u00f6rb\u00e4ttra sin sponsring av arenan?<\/label><textarea id=\"wpforms-3193-field_16\" class=\"wpforms-field-medium\" name=\"wpforms[fields][16]\" aria-errormessage=\"wpforms-3193-field_16-error\" ><\/textarea><\/div><script>\n\t\t\t\t( function() {\n\t\t\t\t\tconst style = document.createElement( 'style' );\n\t\t\t\t\tstyle.appendChild( document.createTextNode( '#wpforms-3193-field_1-container { position: absolute !important; overflow: hidden !important; display: inline !important; height: 1px !important; width: 1px !important; z-index: -1000 !important; padding: 0 !important; } #wpforms-3193-field_1-container input { visibility: hidden; } #wpforms-conversational-form-page #wpforms-3193-field_1-container label { counter-increment: none; }' ) );\n\t\t\t\t\tdocument.head.appendChild( style );\n\t\t\t\t\tdocument.currentScript?.remove();\n\t\t\t\t} )();\n\t\t\t<\/script><\/div><!-- .wpforms-field-container --><div class=\"wpforms-submit-container\" ><input type=\"hidden\" name=\"wpforms[id]\" value=\"3193\"><input type=\"hidden\" name=\"page_title\" value=\"\"><input type=\"hidden\" name=\"page_url\" value=\"https:\/\/3arena.se\/en\/wp-json\/wp\/v2\/pages\/3236\"><input type=\"hidden\" name=\"url_referer\" value=\"\"><button type=\"submit\" name=\"wpforms[submit]\" id=\"wpforms-submit-3193\" class=\"wpforms-submit\" data-alt-text=\"Skickar \u2026\" data-submit-text=\"Skicka\" aria-live=\"assertive\" value=\"wpforms-submit\">Skicka<\/button><img decoding=\"async\" src=\"https:\/\/3arena.se\/app\/plugins\/wpforms\/assets\/images\/submit-spin.svg\" class=\"wpforms-submit-spinner\" style=\"display: none;\" width=\"26\" height=\"26\" alt=\"Loading\"><\/div><\/form><script type=\"text\/plain\" class=\"sl_wpforms_hidden_title\">Fr\u00e5geformul\u00e4r g\u00e4llande 3Arena sponsring<\/script><\/div>  <!-- .wpforms-container -->\n\n\n<p>Tack f\u00f6r ditt engagemang! Vi uppskattar din feedback. Vinnarna av 2 biljetter till ett valfritt evenemang kommer att kontaktas inom kort.<\/p>\n\n\n\n<p><\/p>\n\n\n\n<p><\/p>\n","protected":false},"excerpt":{"rendered":"<p>Tack f\u00f6r att du tar dig tid att svara p\u00e5 v\u00e5r unders\u00f6kning om ditt senaste bes\u00f6k p\u00e5 arenan. Vi \u00e4r intresserade av din upplevelse av sponsringen i arenan. Unders\u00f6kningen tar bara ett par minuter och som tack \u00e4r du med och t\u00e4vlar om 2 stycken biljetter till valfritt evenemang p\u00e5 3Arena. H\u00e4r kan du ta [&hellip;]<\/p>\n","protected":false},"author":8,"featured_media":0,"parent":0,"menu_order":0,"comment_status":"closed","ping_status":"closed","template":"","meta":{"_acf_changed":false,"_relevanssi_hide_post":"","_relevanssi_pin_for_all":"","_relevanssi_pin_keywords":"","_relevanssi_unpin_keywords":"","_relevanssi_related_keywords":"","_relevanssi_related_include_ids":"","_relevanssi_related_exclude_ids":"","_relevanssi_related_no_append":"","_relevanssi_related_not_related":"","_relevanssi_related_posts":"1","footnotes":""},"class_list":["post-3236","page","type-page","status-publish","hentry"],"acf":[],"_links":{"self":[{"href":"https:\/\/3arena.se\/en\/wp-json\/wp\/v2\/pages\/3236","targetHints":{"allow":["GET"]}}],"collection":[{"href":"https:\/\/3arena.se\/en\/wp-json\/wp\/v2\/pages"}],"about":[{"href":"https:\/\/3arena.se\/en\/wp-json\/wp\/v2\/types\/page"}],"author":[{"embeddable":true,"href":"https:\/\/3arena.se\/en\/wp-json\/wp\/v2\/users\/8"}],"replies":[{"embeddable":true,"href":"https:\/\/3arena.se\/en\/wp-json\/wp\/v2\/comments?post=3236"}],"version-history":[{"count":5,"href":"https:\/\/3arena.se\/en\/wp-json\/wp\/v2\/pages\/3236\/revisions"}],"predecessor-version":[{"id":3245,"href":"https:\/\/3arena.se\/en\/wp-json\/wp\/v2\/pages\/3236\/revisions\/3245"}],"wp:attachment":[{"href":"https:\/\/3arena.se\/en\/wp-json\/wp\/v2\/media?parent=3236"}],"curies":[{"name":"wp","href":"https:\/\/api.w.org\/{rel}","templated":true}]}}